{"id":2535,"date":"2025-05-13T08:14:48","date_gmt":"2025-05-13T06:14:48","guid":{"rendered":"https:\/\/www.ajdovska-jama.si\/kako-do-nas\/"},"modified":"2025-08-04T09:18:05","modified_gmt":"2025-08-04T07:18:05","slug":"how-to-reach-us","status":"publish","type":"page","link":"https:\/\/www.ajdovska-jama.si\/en\/how-to-reach-us\/","title":{"rendered":"How to Reach Us"},"content":{"rendered":"\t\t<div data-elementor-type=\"wp-page\" data-elementor-id=\"2535\" class=\"elementor elementor-2535 elementor-1588\" data-elementor-post-type=\"page\">\n\t\t\t\t<div class=\"elementor-element elementor-element-5daa610 ct-hero e-flex e-con-boxed e-con e-parent\" data-id=\"5daa610\" data-element_type=\"container\" data-settings=\"{&quot;background_background&quot;:&quot;classic&quot;}\">\n\t\t\t\t\t<div class=\"e-con-inner\">\n\t\t\t\t<div class=\"elementor-element elementor-element-d6a5217 elementor-widget elementor-widget-spacer\" data-id=\"d6a5217\" data-element_type=\"widget\" data-widget_type=\"spacer.default\">\n\t\t\t\t<div class=\"elementor-widget-container\">\n\t\t\t\t\t\t\t<div class=\"elementor-spacer\">\n\t\t\t<div class=\"elementor-spacer-inner\"><\/div>\n\t\t<\/div>\n\t\t\t\t\t\t<\/div>\n\t\t\t\t<\/div>\n\t\t\t\t\t<\/div>\n\t\t\t\t<\/div>\n\t\t<div class=\"elementor-element elementor-element-cf31045 e-flex e-con-boxed e-con e-parent\" data-id=\"cf31045\" data-element_type=\"container\" data-settings=\"{&quot;background_background&quot;:&quot;classic&quot;}\">\n\t\t\t\t\t<div class=\"e-con-inner\">\n\t\t<div class=\"elementor-element elementor-element-549d68d e-con-full e-flex e-con e-child\" data-id=\"549d68d\" data-element_type=\"container\">\n\t\t\t\t<div class=\"elementor-element elementor-element-af97f41 elementor-widget elementor-widget-heading\" data-id=\"af97f41\" data-element_type=\"widget\" data-widget_type=\"heading.default\">\n\t\t\t\t<div class=\"elementor-widget-container\">\n\t\t\t\t\t<h2 class=\"elementor-heading-title elementor-size-default\">HOW TO REACH US<\/h2>\t\t\t\t<\/div>\n\t\t\t\t<\/div>\n\t\t\t\t<div class=\"elementor-element elementor-element-d0be794 elementor-widget elementor-widget-shortcode\" data-id=\"d0be794\" data-element_type=\"widget\" data-widget_type=\"shortcode.default\">\n\t\t\t\t<div class=\"elementor-widget-container\">\n\t\t\t\t\t\t\t<div class=\"elementor-shortcode\"><\/div>\n\t\t\t\t\t\t<\/div>\n\t\t\t\t<\/div>\n\t\t\t\t<\/div>\n\t\t<div class=\"elementor-element elementor-element-34d5e0a e-con-full elementor-hidden-mobile e-flex e-con e-child\" data-id=\"34d5e0a\" data-element_type=\"container\">\n\t\t\t\t<\/div>\n\t\t\t\t\t<\/div>\n\t\t\t\t<\/div>\n\t\t<div class=\"elementor-element elementor-element-d2d2139 e-flex e-con-boxed e-con e-parent\" data-id=\"d2d2139\" data-element_type=\"container\">\n\t\t\t\t\t<div class=\"e-con-inner\">\n\t\t\t\t<div class=\"elementor-element elementor-element-2e2d220 elementor-widget elementor-widget-heading\" data-id=\"2e2d220\" data-element_type=\"widget\" data-widget_type=\"heading.default\">\n\t\t\t\t<div class=\"elementor-widget-container\">\n\t\t\t\t\t<h5 class=\"elementor-heading-title elementor-size-default\">Arriving from the highway section Ljubljana \u2013 Obre\u017eje, take the exit Drnovo and go in the direction of Kr\u0161ko:<\/h5>\t\t\t\t<\/div>\n\t\t\t\t<\/div>\n\t\t\t\t<div class=\"elementor-element elementor-element-97367f6 elementor-widget elementor-widget-text-editor\" data-id=\"97367f6\" data-element_type=\"widget\" data-widget_type=\"text-editor.default\">\n\t\t\t\t<div class=\"elementor-widget-container\">\n\t\t\t\t\t\t\t\t\t<p>Then in the second roundabout choose the utmost left exit, direction Velika vas. When you arrive in the village Velika vas, follow the major road with priority in the direction of Raka, Smednik. Before the village Velika vas ends, on top of the hill, turn right towards the direction of Senu\u0161e. The road leads you through a forest and further to the village Brezje near Senu\u0161e. Once there, go straight in the first crossroad, towards the direction of Brezovska Gora, Ajdovska jama. After a few hundred meters you arrive in the village Brezovska Gora.<\/p>\t\t\t\t\t\t\t\t<\/div>\n\t\t\t\t<\/div>\n\t\t\t\t\t<\/div>\n\t\t\t\t<\/div>\n\t\t<div class=\"elementor-element elementor-element-9e17da2 e-flex e-con-boxed e-con e-parent\" data-id=\"9e17da2\" data-element_type=\"container\">\n\t\t\t\t\t<div class=\"e-con-inner\">\n\t\t\t\t<div class=\"elementor-element elementor-element-fbde464 elementor-widget elementor-widget-heading\" data-id=\"fbde464\" data-element_type=\"widget\" data-widget_type=\"heading.default\">\n\t\t\t\t<div class=\"elementor-widget-container\">\n\t\t\t\t\t<h5 class=\"elementor-heading-title elementor-size-default\">Arriving from the direction of Celje:<\/h5>\t\t\t\t<\/div>\n\t\t\t\t<\/div>\n\t\t\t\t<div class=\"elementor-element elementor-element-4f34cf2 elementor-widget elementor-widget-text-editor\" data-id=\"4f34cf2\" data-element_type=\"widget\" data-widget_type=\"text-editor.default\">\n\t\t\t\t<div class=\"elementor-widget-container\">\n\t\t\t\t\t\t\t\t\tArriving in the city of Kr\u0161ko you at first follow the directions for the highway. On the main road (the road Cesta kr\u0161kih \u017ertev), at the crossroad beside the shopping malls turn right towards the village Leskovec near Kr\u0161ko. You drive pass the area of the primary school and in the first crossroad turn left towards the village. Driving on the main road you follow the directions for Ajdovska jama and the village of Senu\u0161e. From the village Leskovec near Kr\u0161ko you should drive pass the village Selce and further to the village Brezje near Senu\u0161e. Here, in the second crossroad turn right to the Brezovska Gora.\t\t\t\t\t\t\t\t<\/div>\n\t\t\t\t<\/div>\n\t\t\t\t\t<\/div>\n\t\t\t\t<\/div>\n\t\t<div class=\"elementor-element elementor-element-c9e90a7 e-flex e-con-boxed e-con e-parent\" data-id=\"c9e90a7\" data-element_type=\"container\">\n\t\t\t\t\t<div class=\"e-con-inner\">\n\t\t\t\t<div class=\"elementor-element elementor-element-3275553 elementor-widget elementor-widget-html\" data-id=\"3275553\" data-element_type=\"widget\" data-widget_type=\"html.default\">\n\t\t\t\t<div class=\"elementor-widget-container\">\n\t\t\t\t\t<iframe src=\"https:\/\/www.google.com\/maps\/embed?pb=!1m18!1m12!1m3!1d2774.090786376654!2d15.4255876!3d45.949469099999995!2m3!1f0!2f0!3f0!3m2!1i1024!2i768!4f13.1!3m3!1m2!1s0x4765a574c72e7c79%3A0x214b499c40a67275!2sAjdovska%20jama!5e0!3m2!1sen!2ssi!4v1750401329030!5m2!1sen!2ssi\" width=\"100%\" height=\"450\" style=\"border:0;\" allowfullscreen=\"\" loading=\"lazy\" referrerpolicy=\"no-referrer-when-downgrade\"><\/iframe>\t\t\t\t<\/div>\n\t\t\t\t<\/div>\n\t\t\t\t\t<\/div>\n\t\t\t\t<\/div>\n\t\t\t\t<\/div>\n\t\t","protected":false},"excerpt":{"rendered":"<p>HOW TO REACH US Arriving from the highway section Ljubljana \u2013 Obre\u017eje, take the exit Drnovo and go in the direction of Kr\u0161ko: Then in the second roundabout choose the utmost left exit, direction Velika vas. When you arrive in the village Velika vas, follow the major road with priority in the direction of Raka, [&hellip;]<\/p>\n","protected":false},"author":1,"featured_media":0,"parent":0,"menu_order":0,"comment_status":"closed","ping_status":"closed","template":"","meta":{"footnotes":""},"class_list":["post-2535","page","type-page","status-publish","hentry"],"blocksy_meta":{"has_hero_section":"disabled","vertical_spacing_source":"custom","content_area_spacing":"bottom","styles_descriptor":{"styles":{"desktop":"","tablet":"","mobile":""},"google_fonts":[],"version":6}},"_links":{"self":[{"href":"https:\/\/www.ajdovska-jama.si\/en\/wp-json\/wp\/v2\/pages\/2535","targetHints":{"allow":["GET"]}}],"collection":[{"href":"https:\/\/www.ajdovska-jama.si\/en\/wp-json\/wp\/v2\/pages"}],"about":[{"href":"https:\/\/www.ajdovska-jama.si\/en\/wp-json\/wp\/v2\/types\/page"}],"author":[{"embeddable":true,"href":"https:\/\/www.ajdovska-jama.si\/en\/wp-json\/wp\/v2\/users\/1"}],"replies":[{"embeddable":true,"href":"https:\/\/www.ajdovska-jama.si\/en\/wp-json\/wp\/v2\/comments?post=2535"}],"version-history":[{"count":0,"href":"https:\/\/www.ajdovska-jama.si\/en\/wp-json\/wp\/v2\/pages\/2535\/revisions"}],"wp:attachment":[{"href":"https:\/\/www.ajdovska-jama.si\/en\/wp-json\/wp\/v2\/media?parent=2535"}],"curies":[{"name":"wp","href":"https:\/\/api.w.org\/{rel}","templated":true}]}}